{"id":30,"date":"2026-02-10T15:51:25","date_gmt":"2026-02-10T15:51:25","guid":{"rendered":"https:\/\/sariacom.mx\/?page_id=30"},"modified":"2026-02-10T18:58:40","modified_gmt":"2026-02-10T18:58:40","slug":"contacto","status":"publish","type":"page","link":"https:\/\/sariacom.mx\/?page_id=30","title":{"rendered":"Contacto"},"content":{"rendered":"\n<div class=\"wp-block-columns alignfull is-layout-flex wp-container-core-columns-is-layout-28f84493 wp-block-columns-is-layout-flex\">\n<div class=\"wp-block-column is-layout-flow wp-block-column-is-layout-flow\">\n<div style=\"width: 100%\"><iframe src=\"https:\/\/www.google.com\/maps\/embed?pb=!1m18!1m12!1m3!1d3732.562228601551!2d-103.3763728887974!3d20.687381880798128!2m3!1f0!2f0!3f0!3m2!1i1024!2i768!4f13.1!3m3!1m2!1s0x8428ae3d85fbe949%3A0x1ffd8755a99e3347!2sAv.%20de%20las%20Am%C3%A9ricas%20601%2C%20Ladr%C3%B3n%20de%20Guevara%2C%20Ladron%20De%20Guevara%2C%2044600%20Guadalajara%2C%20Jal.!5e0!3m2!1ses!2smx!4v1770748947344!5m2!1ses!2smx\" width=\"1800\" height=\"450\" style=\"border:0;\" allowfullscreen=\"\" loading=\"lazy\" referrerpolicy=\"no-referrer-when-downgrade\"><\/iframe><\/div>\n\n\n\n<p><\/p>\n<\/div>\n<\/div>\n\n\n\n<div class=\"wp-block-columns container is-layout-flex wp-container-core-columns-is-layout-28f84493 wp-block-columns-is-layout-flex\">\n<div class=\"wp-block-column is-vertically-aligned-center is-layout-flow wp-block-column-is-layout-flow\">\n<h2 class=\"wp-block-heading hestia-title\">M\u00e1ndanos un mensaje<\/h2>\n\n\n\n<div style=\"height:40px\" aria-hidden=\"true\" class=\"wp-block-spacer\"><\/div>\n\n\n\n<div style=\"background-color: #000000; color: #ffffff; font-family: Arial, sans-serif; padding: 40px; border-radius: 10px; max-width: 500px; margin: 0 auto;\">\n    \n    <h2 style=\"color: #ffffff; text-align: center; margin-bottom: 10px;\">Inicie una transformaci\u00f3n en su conectividad<\/h2>\n    <p style=\"text-align: center; font-size: 14px; margin-bottom: 30px;\">D\u00e9jenos sus datos y un especialista senior se pondr\u00e1 en contacto.<\/p>\n\n    <form action=\"https:\/\/formspree.io\/f\/marketing@coeficiente.mx\" method=\"POST\" style=\"display: flex; flex-direction: column; gap: 15px;\">\n        \n        <label style=\"font-size: 14px;\">Nombre completo:<\/label>\n        <input type=\"text\" name=\"nombre\" placeholder=\"Ej. JuanPer\u00e9z\" required style=\"padding: 12px; border-radius: 5px; border: 1px solid #444; background-color: #222; color: #fff; font-family: Arial;\">\n\n        <label style=\"font-size: 14px;\">Empresa:<\/label>\n        <input type=\"text\" name=\"empresa\" placeholder=\"Nombre de su empresa\" required style=\"padding: 12px; border-radius: 5px; border: 1px solid #444; background-color: #222; color: #fff; font-family: Arial;\">\n\n        <label style=\"font-size: 14px;\">Servicio de inter\u00e9s:<\/label>\n        <select name=\"servicio\" required style=\"padding: 12px; border-radius: 5px; border: 1px solid #444; background-color: #222; color: #fff; font-family: Arial;\">\n            <option value=\"Internet Simetrico\">Internet Sim\u00e9trico Empresarial<\/option>\n            <option value=\"Telefonia IP\">Telefon\u00eda IP \/ Conmutadores<\/option>\n            <option value=\"SMS-WhatsApp\">WhatsApp Business API &#038; SMS<\/option>\n            <option value=\"Integral\">Ecosistema Integral<\/option>\n        <\/select>\n\n        <label style=\"font-size: 14px;\">Mensaje:<\/label>\n        <textarea name=\"mensaje\" rows=\"4\" placeholder=\"\u00bfC\u00f3mo podemos ayudarle?\" required style=\"padding: 12px; border-radius: 5px; border: 1px solid #444; background-color: #222; color: #fff; font-family: Arial;\"><\/textarea>\n\n        <button type=\"submit\" style=\"background-color: #ffffff; color: #000000; padding: 15px; border: none; border-radius: 5px; font-weight: bold; cursor: pointer; font-family: Arial; text-transform: uppercase; margin-top: 10px;\">\n            Solicitar Consultor\u00eda Ejecutiva\n        <\/button>\n\n    <\/form>\n<\/div>\n<\/div>\n\n\n\n<div class=\"wp-block-column is-vertically-aligned-center is-layout-flow wp-block-column-is-layout-flow\">\n<div class=\"wp-block-columns is-layout-flex wp-container-core-columns-is-layout-28f84493 wp-block-columns-is-layout-flex\">\n<div class=\"wp-block-column is-layout-flow wp-block-column-is-layout-flow\"><\/div>\n\n\n\n<div class=\"wp-block-column is-layout-flow wp-block-column-is-layout-flow\" style=\"flex-basis:50%\">\n<h4 class=\"wp-block-heading has-text-align-left hestia-title has-text-color\" style=\"color:#3c4858;font-size:18px\"><img decoding=\"async\" class=\"wp-image-86\" style=\"width: 25px;\" src=\"https:\/\/sariacom.mx\/wp-content\/themes\/hestia\/assets\/img\/contact1.png\" alt=\"Map icon\">  <strong>Nuestras Oficinas<\/strong><\/h4>\n\n\n\n<p class=\"has-text-align-left has-text-color\" style=\"color:#999999;font-size:14px\">Av. las Americas # 601 piso 6 despacho 602, Fracc. las americas c.p. 20230<br>Aguascalientes, Aguascalientes.<\/p>\n\n\n\n<div style=\"height:40px\" aria-hidden=\"true\" class=\"wp-block-spacer\"><\/div>\n\n\n\n<h4 class=\"wp-block-heading has-text-align-left hestia-title has-text-color\" style=\"color:#3c4858;font-size:18px\"><img decoding=\"async\" class=\"wp-image-98\" style=\"width: 25px;\" src=\"https:\/\/sariacom.mx\/wp-content\/themes\/hestia\/assets\/img\/contact2.png\" alt=\"\">  <strong><strong>Ll\u00e1manos<\/strong><\/strong><\/h4>\n\n\n\n<p class=\"has-text-align-left has-text-color\" style=\"color:#999999;font-size:14px\">+449 322 0747<br>Lun &#8211; Vie, 8:00-18:00 hrs<\/p>\n\n\n\n<div style=\"height:40px\" aria-hidden=\"true\" class=\"wp-block-spacer\"><\/div>\n<\/div>\n\n\n\n<div class=\"wp-block-column is-layout-flow wp-block-column-is-layout-flow\"><\/div>\n<\/div>\n<\/div>\n<\/div>\n\n\n\n<p><\/p>\n","protected":false},"excerpt":{"rendered":"<p>M\u00e1ndanos un mensaje Inicie una transformaci\u00f3n en su conectividad D\u00e9jenos sus datos y un especialista senior se pondr\u00e1 en contacto. Nombre completo: Empresa: Servicio de inter\u00e9s: Internet Sim\u00e9trico EmpresarialTelefon\u00eda IP \/ ConmutadoresWhatsApp Business API &#038; SMSEcosistema Integral Mensaje: Solicitar Consultor\u00eda Ejecutiva Nuestras Oficinas Av. las Americas # 601 piso 6 [&hellip;]<\/p>\n","protected":false},"author":1,"featured_media":22,"parent":0,"menu_order":0,"comment_status":"closed","ping_status":"closed","template":"page-templates\/template-pagebuilder-full-width.php","meta":{"_themeisle_gutenberg_block_has_review":false,"footnotes":""},"class_list":["post-30","page","type-page","status-publish","has-post-thumbnail","hentry"],"yoast_head":"<!-- This site is optimized with the Yoast SEO plugin v26.9 - https:\/\/yoast.com\/product\/yoast-seo-wordpress\/ -->\n<title>Contacto - Internet empresarial<\/title>\n<meta name=\"robots\" content=\"index, follow, max-snippet:-1, max-image-preview:large, max-video-preview:-1\" \/>\n<link rel=\"canonical\" href=\"https:\/\/sariacom.mx\/?page_id=30\" \/>\n<meta property=\"og:locale\" content=\"es_ES\" \/>\n<meta property=\"og:type\" content=\"article\" \/>\n<meta property=\"og:title\" content=\"Contacto - Internet empresarial\" \/>\n<meta property=\"og:description\" content=\"M\u00e1ndanos un mensaje Inicie una transformaci\u00f3n en su conectividad D\u00e9jenos sus datos y un especialista senior se pondr\u00e1 en contacto. Nombre completo: Empresa: Servicio de inter\u00e9s: Internet Sim\u00e9trico EmpresarialTelefon\u00eda IP \/ ConmutadoresWhatsApp Business API &#038; SMSEcosistema Integral Mensaje: Solicitar Consultor\u00eda Ejecutiva Nuestras Oficinas Av. las Americas # 601 piso 6 [&hellip;]\" \/>\n<meta property=\"og:url\" content=\"https:\/\/sariacom.mx\/?page_id=30\" \/>\n<meta property=\"og:site_name\" content=\"Internet empresarial\" \/>\n<meta property=\"article:modified_time\" content=\"2026-02-10T18:58:40+00:00\" \/>\n<meta property=\"og:image\" content=\"https:\/\/sariacom.mx\/wp-content\/uploads\/2026\/02\/slider1-2.jpg\" \/>\n\t<meta property=\"og:image:width\" content=\"1104\" \/>\n\t<meta property=\"og:image:height\" content=\"621\" \/>\n\t<meta property=\"og:image:type\" content=\"image\/jpeg\" \/>\n<meta name=\"twitter:card\" content=\"summary_large_image\" \/>\n<meta name=\"twitter:label1\" content=\"Tiempo de lectura\" \/>\n\t<meta name=\"twitter:data1\" content=\"1 minuto\" \/>\n<script type=\"application\/ld+json\" class=\"yoast-schema-graph\">{\"@context\":\"https:\/\/schema.org\",\"@graph\":[{\"@type\":\"WebPage\",\"@id\":\"https:\/\/sariacom.mx\/?page_id=30\",\"url\":\"https:\/\/sariacom.mx\/?page_id=30\",\"name\":\"Contacto - Internet empresarial\",\"isPartOf\":{\"@id\":\"https:\/\/sariacom.mx\/#website\"},\"primaryImageOfPage\":{\"@id\":\"https:\/\/sariacom.mx\/?page_id=30#primaryimage\"},\"image\":{\"@id\":\"https:\/\/sariacom.mx\/?page_id=30#primaryimage\"},\"thumbnailUrl\":\"https:\/\/sariacom.mx\/wp-content\/uploads\/2026\/02\/slider1-2.jpg\",\"datePublished\":\"2026-02-10T15:51:25+00:00\",\"dateModified\":\"2026-02-10T18:58:40+00:00\",\"breadcrumb\":{\"@id\":\"https:\/\/sariacom.mx\/?page_id=30#breadcrumb\"},\"inLanguage\":\"es\",\"potentialAction\":[{\"@type\":\"ReadAction\",\"target\":[\"https:\/\/sariacom.mx\/?page_id=30\"]}]},{\"@type\":\"ImageObject\",\"inLanguage\":\"es\",\"@id\":\"https:\/\/sariacom.mx\/?page_id=30#primaryimage\",\"url\":\"https:\/\/sariacom.mx\/wp-content\/uploads\/2026\/02\/slider1-2.jpg\",\"contentUrl\":\"https:\/\/sariacom.mx\/wp-content\/uploads\/2026\/02\/slider1-2.jpg\",\"width\":1104,\"height\":621},{\"@type\":\"BreadcrumbList\",\"@id\":\"https:\/\/sariacom.mx\/?page_id=30#breadcrumb\",\"itemListElement\":[{\"@type\":\"ListItem\",\"position\":1,\"name\":\"Portada\",\"item\":\"https:\/\/sariacom.mx\/\"},{\"@type\":\"ListItem\",\"position\":2,\"name\":\"Contacto\"}]},{\"@type\":\"WebSite\",\"@id\":\"https:\/\/sariacom.mx\/#website\",\"url\":\"https:\/\/sariacom.mx\/\",\"name\":\"Internet empresarial\",\"description\":\"En SARIA \/ Coeficiente conectamos negocios con resultados. Somos la red de infraestructura l\u00edder en Jalisco, Aguascalientes, Colima y Zacatecas\",\"publisher\":{\"@id\":\"https:\/\/sariacom.mx\/#organization\"},\"potentialAction\":[{\"@type\":\"SearchAction\",\"target\":{\"@type\":\"EntryPoint\",\"urlTemplate\":\"https:\/\/sariacom.mx\/?s={search_term_string}\"},\"query-input\":{\"@type\":\"PropertyValueSpecification\",\"valueRequired\":true,\"valueName\":\"search_term_string\"}}],\"inLanguage\":\"es\"},{\"@type\":\"Organization\",\"@id\":\"https:\/\/sariacom.mx\/#organization\",\"name\":\"Internet empresarial\",\"url\":\"https:\/\/sariacom.mx\/\",\"logo\":{\"@type\":\"ImageObject\",\"inLanguage\":\"es\",\"@id\":\"https:\/\/sariacom.mx\/#\/schema\/logo\/image\/\",\"url\":\"https:\/\/sariacom.mx\/wp-content\/uploads\/2026\/02\/cropped-cropped-Saria_telecomunicaciones_logo.png\",\"contentUrl\":\"https:\/\/sariacom.mx\/wp-content\/uploads\/2026\/02\/cropped-cropped-Saria_telecomunicaciones_logo.png\",\"width\":881,\"height\":407,\"caption\":\"Internet empresarial\"},\"image\":{\"@id\":\"https:\/\/sariacom.mx\/#\/schema\/logo\/image\/\"}}]}<\/script>\n<!-- \/ Yoast SEO plugin. -->","yoast_head_json":{"title":"Contacto - Internet empresarial","robots":{"index":"index","follow":"follow","max-snippet":"max-snippet:-1","max-image-preview":"max-image-preview:large","max-video-preview":"max-video-preview:-1"},"canonical":"https:\/\/sariacom.mx\/?page_id=30","og_locale":"es_ES","og_type":"article","og_title":"Contacto - Internet empresarial","og_description":"M\u00e1ndanos un mensaje Inicie una transformaci\u00f3n en su conectividad D\u00e9jenos sus datos y un especialista senior se pondr\u00e1 en contacto. Nombre completo: Empresa: Servicio de inter\u00e9s: Internet Sim\u00e9trico EmpresarialTelefon\u00eda IP \/ ConmutadoresWhatsApp Business API &#038; SMSEcosistema Integral Mensaje: Solicitar Consultor\u00eda Ejecutiva Nuestras Oficinas Av. las Americas # 601 piso 6 [&hellip;]","og_url":"https:\/\/sariacom.mx\/?page_id=30","og_site_name":"Internet empresarial","article_modified_time":"2026-02-10T18:58:40+00:00","og_image":[{"width":1104,"height":621,"url":"https:\/\/sariacom.mx\/wp-content\/uploads\/2026\/02\/slider1-2.jpg","type":"image\/jpeg"}],"twitter_card":"summary_large_image","twitter_misc":{"Tiempo de lectura":"1 minuto"},"schema":{"@context":"https:\/\/schema.org","@graph":[{"@type":"WebPage","@id":"https:\/\/sariacom.mx\/?page_id=30","url":"https:\/\/sariacom.mx\/?page_id=30","name":"Contacto - Internet empresarial","isPartOf":{"@id":"https:\/\/sariacom.mx\/#website"},"primaryImageOfPage":{"@id":"https:\/\/sariacom.mx\/?page_id=30#primaryimage"},"image":{"@id":"https:\/\/sariacom.mx\/?page_id=30#primaryimage"},"thumbnailUrl":"https:\/\/sariacom.mx\/wp-content\/uploads\/2026\/02\/slider1-2.jpg","datePublished":"2026-02-10T15:51:25+00:00","dateModified":"2026-02-10T18:58:40+00:00","breadcrumb":{"@id":"https:\/\/sariacom.mx\/?page_id=30#breadcrumb"},"inLanguage":"es","potentialAction":[{"@type":"ReadAction","target":["https:\/\/sariacom.mx\/?page_id=30"]}]},{"@type":"ImageObject","inLanguage":"es","@id":"https:\/\/sariacom.mx\/?page_id=30#primaryimage","url":"https:\/\/sariacom.mx\/wp-content\/uploads\/2026\/02\/slider1-2.jpg","contentUrl":"https:\/\/sariacom.mx\/wp-content\/uploads\/2026\/02\/slider1-2.jpg","width":1104,"height":621},{"@type":"BreadcrumbList","@id":"https:\/\/sariacom.mx\/?page_id=30#breadcrumb","itemListElement":[{"@type":"ListItem","position":1,"name":"Portada","item":"https:\/\/sariacom.mx\/"},{"@type":"ListItem","position":2,"name":"Contacto"}]},{"@type":"WebSite","@id":"https:\/\/sariacom.mx\/#website","url":"https:\/\/sariacom.mx\/","name":"Internet empresarial","description":"En SARIA \/ Coeficiente conectamos negocios con resultados. Somos la red de infraestructura l\u00edder en Jalisco, Aguascalientes, Colima y Zacatecas","publisher":{"@id":"https:\/\/sariacom.mx\/#organization"},"potentialAction":[{"@type":"SearchAction","target":{"@type":"EntryPoint","urlTemplate":"https:\/\/sariacom.mx\/?s={search_term_string}"},"query-input":{"@type":"PropertyValueSpecification","valueRequired":true,"valueName":"search_term_string"}}],"inLanguage":"es"},{"@type":"Organization","@id":"https:\/\/sariacom.mx\/#organization","name":"Internet empresarial","url":"https:\/\/sariacom.mx\/","logo":{"@type":"ImageObject","inLanguage":"es","@id":"https:\/\/sariacom.mx\/#\/schema\/logo\/image\/","url":"https:\/\/sariacom.mx\/wp-content\/uploads\/2026\/02\/cropped-cropped-Saria_telecomunicaciones_logo.png","contentUrl":"https:\/\/sariacom.mx\/wp-content\/uploads\/2026\/02\/cropped-cropped-Saria_telecomunicaciones_logo.png","width":881,"height":407,"caption":"Internet empresarial"},"image":{"@id":"https:\/\/sariacom.mx\/#\/schema\/logo\/image\/"}}]}},"_links":{"self":[{"href":"https:\/\/sariacom.mx\/index.php?rest_route=\/wp\/v2\/pages\/30","targetHints":{"allow":["GET"]}}],"collection":[{"href":"https:\/\/sariacom.mx\/index.php?rest_route=\/wp\/v2\/pages"}],"about":[{"href":"https:\/\/sariacom.mx\/index.php?rest_route=\/wp\/v2\/types\/page"}],"author":[{"embeddable":true,"href":"https:\/\/sariacom.mx\/index.php?rest_route=\/wp\/v2\/users\/1"}],"replies":[{"embeddable":true,"href":"https:\/\/sariacom.mx\/index.php?rest_route=%2Fwp%2Fv2%2Fcomments&post=30"}],"version-history":[{"count":7,"href":"https:\/\/sariacom.mx\/index.php?rest_route=\/wp\/v2\/pages\/30\/revisions"}],"predecessor-version":[{"id":110,"href":"https:\/\/sariacom.mx\/index.php?rest_route=\/wp\/v2\/pages\/30\/revisions\/110"}],"wp:featuredmedia":[{"embeddable":true,"href":"https:\/\/sariacom.mx\/index.php?rest_route=\/wp\/v2\/media\/22"}],"wp:attachment":[{"href":"https:\/\/sariacom.mx\/index.php?rest_route=%2Fwp%2Fv2%2Fmedia&parent=30"}],"curies":[{"name":"wp","href":"https:\/\/api.w.org\/{rel}","templated":true}]}}