{"id":29,"date":"2026-02-10T15:51:25","date_gmt":"2026-02-10T15:51:25","guid":{"rendered":"https:\/\/sariacom.mx\/?page_id=29"},"modified":"2026-02-11T19:43:46","modified_gmt":"2026-02-11T19:43:46","slug":"inicio","status":"publish","type":"page","link":"https:\/\/sariacom.mx\/","title":{"rendered":"Inicio"},"content":{"rendered":"\n<div class=\"wp-block-cover alignfull is-light hestia-clear-top-padding\"><span aria-hidden=\"true\" class=\"wp-block-cover__background has-white-background-color has-background-dim-100 has-background-dim\"><\/span><div class=\"wp-block-cover__inner-container is-layout-flow wp-block-cover-is-layout-flow\">\n<h2 class=\"wp-block-heading has-text-align-center has-text-color\" style=\"color:#3c4858\">M\u00e1s que conectividad:<br>Herramientas dise\u00f1adas para eliminar<br>la fricci\u00f3n operativa.<\/h2>\n\n\n\n<div style=\"height:40px\" aria-hidden=\"true\" class=\"wp-block-spacer\"><\/div>\n\n\n\n<div class=\"wp-block-columns container is-layout-flex wp-container-core-columns-is-layout-28f84493 wp-block-columns-is-layout-flex\">\n<div class=\"wp-block-column is-layout-flow wp-block-column-is-layout-flow\"><div class=\"wp-block-image\">\n<figure class=\"aligncenter size-large\"><img decoding=\"async\" src=\"https:\/\/sariacom.mx\/wp-content\/themes\/hestia\/assets\/img\/feat1.png\" alt=\"\" class=\"wp-image-70\"\/><\/figure>\n<\/div>\n\n\n<h5 class=\"wp-block-heading has-text-align-center has-text-color\" style=\"color:#3c4858;font-size:18px\"><strong>Omnicanalidad sin caos (WhatsApp &amp; SMS)<\/strong><\/h5>\n\n\n\n<p class=\"has-text-align-center has-text-color\" style=\"color:#999999;font-size:14px\">Centralice su comunicaci\u00f3n masiva y atenci\u00f3n al cliente en una sola plataforma, eliminando la dispersi\u00f3n de mensajes y garantizando una respuesta profesional inmediata.<\/p>\n\n\n\n<div style=\"height:25px\" aria-hidden=\"true\" class=\"wp-block-spacer\"><\/div>\n<\/div>\n\n\n\n<div class=\"wp-block-column is-layout-flow wp-block-column-is-layout-flow\"><div class=\"wp-block-image\">\n<figure class=\"aligncenter size-large\"><img decoding=\"async\" src=\"https:\/\/sariacom.mx\/wp-content\/themes\/hestia\/assets\/img\/feat2.png\" alt=\"\" class=\"wp-image-71\"\/><\/figure>\n<\/div>\n\n\n<h5 class=\"wp-block-heading has-text-align-center has-text-color\" style=\"color:#3c4858;font-size:18px\">Continuidad operativa (Telefon\u00eda IP)<\/h5>\n\n\n\n<p class=\"has-text-align-center has-text-color\" style=\"color:#999999;font-size:14px\">Olvide las l\u00edneas ca\u00eddas y conmutadores obsoletos; nuestras soluciones de voz en la nube aseguran que su empresa est\u00e9 siempre disponible, desde cualquier lugar y dispositivo.<\/p>\n\n\n\n<div style=\"height:25px\" aria-hidden=\"true\" class=\"wp-block-spacer\"><\/div>\n<\/div>\n\n\n\n<div class=\"wp-block-column is-layout-flow wp-block-column-is-layout-flow\"><div class=\"wp-block-image\">\n<figure class=\"aligncenter size-large\"><img decoding=\"async\" src=\"https:\/\/sariacom.mx\/wp-content\/themes\/hestia\/assets\/img\/feat3.png\" alt=\"\" class=\"wp-image-72\"\/><\/figure>\n<\/div>\n\n\n<h5 class=\"wp-block-heading has-text-align-center has-text-color\" style=\"color:#3c4858;font-size:18px\">Alcance garantizado<br>y seguro<\/h5>\n\n\n\n<p class=\"has-text-align-center has-text-color\" style=\"color:#999999;font-size:14px\">Optimice sus notificaciones y campa\u00f1as con herramientas de alta entrega que protegen la identidad de su marca y aseguran que su mensaje llegue al escritorio del cliente, sin filtros.<\/p>\n\n\n\n<div style=\"height:25px\" aria-hidden=\"true\" class=\"wp-block-spacer\"><\/div>\n<\/div>\n<\/div>\n\n\n\n<div style=\"height:40px\" aria-hidden=\"true\" class=\"wp-block-spacer\"><\/div>\n<\/div><\/div>\n\n\n\n<div class=\"wp-block-columns container is-layout-flex wp-container-core-columns-is-layout-28f84493 wp-block-columns-is-layout-flex\">\n<div class=\"wp-block-column col-md-5 is-layout-flow wp-block-column-is-layout-flow\">\n<div style=\"height:55px\" aria-hidden=\"true\" class=\"wp-block-spacer\"><\/div>\n\n\n\n<h2 class=\"wp-block-heading\">\u00bfPor qu\u00e9 SARIA Comunicaciones?<\/h2>\n\n\n\n<p>A\u00f1os en el sector nos han ense\u00f1ado que el cliente corporativo no busca un proveedor, busca un socio t\u00e9cnico. Nuestra trayectoria respalda cada nodo de nuestra red, con el apoyo de Coeficiente Comunicaci\u00f3n<\/p>\n<\/div>\n\n\n\n<div class=\"wp-block-column col-md-6 col-md-offset1 is-layout-flow wp-block-column-is-layout-flow\">\n<div style=\"height:55px\" aria-hidden=\"true\" class=\"wp-block-spacer\"><\/div>\n\n\n\n<figure class=\"wp-block-image size-full\"><img loading=\"lazy\" decoding=\"async\" width=\"2560\" height=\"1439\" src=\"https:\/\/sariacom.mx\/wp-content\/uploads\/2026\/02\/Logo_video-scaled.png\" alt=\"\" class=\"wp-image-180\" srcset=\"https:\/\/sariacom.mx\/wp-content\/uploads\/2026\/02\/Logo_video-scaled.png 2560w, https:\/\/sariacom.mx\/wp-content\/uploads\/2026\/02\/Logo_video-300x169.png 300w, https:\/\/sariacom.mx\/wp-content\/uploads\/2026\/02\/Logo_video-1024x576.png 1024w, https:\/\/sariacom.mx\/wp-content\/uploads\/2026\/02\/Logo_video-768x432.png 768w, https:\/\/sariacom.mx\/wp-content\/uploads\/2026\/02\/Logo_video-1536x864.png 1536w, https:\/\/sariacom.mx\/wp-content\/uploads\/2026\/02\/Logo_video-2048x1151.png 2048w\" sizes=\"auto, (max-width: 2560px) 100vw, 2560px\" \/><\/figure>\n\n\n\n<p><\/p>\n<\/div>\n<\/div>\n","protected":false},"excerpt":{"rendered":"<p>\u00bfPor qu\u00e9 SARIA Comunicaciones? A\u00f1os en el sector nos han ense\u00f1ado que el cliente corporativo no busca un proveedor, busca un socio t\u00e9cnico. Nuestra trayectoria respalda cada nodo de nuestra red, con el apoyo de Coeficiente Comunicaci\u00f3n<\/p>\n","protected":false},"author":1,"featured_media":66,"parent":0,"menu_order":0,"comment_status":"closed","ping_status":"closed","template":"","meta":{"_themeisle_gutenberg_block_has_review":false,"footnotes":""},"class_list":["post-29","page","type-page","status-publish","has-post-thumbnail","hentry"],"yoast_head":"<!-- This site is optimized with the Yoast SEO plugin v26.9 - https:\/\/yoast.com\/product\/yoast-seo-wordpress\/ -->\n<title>Inicio - Internet empresarial<\/title>\n<meta name=\"robots\" content=\"index, follow, max-snippet:-1, max-image-preview:large, max-video-preview:-1\" \/>\n<link rel=\"canonical\" href=\"https:\/\/sariacom.mx\/\" \/>\n<meta property=\"og:locale\" content=\"es_ES\" \/>\n<meta property=\"og:type\" content=\"article\" \/>\n<meta property=\"og:title\" content=\"Inicio - Internet empresarial\" \/>\n<meta property=\"og:description\" content=\"\u00bfPor qu\u00e9 SARIA Comunicaciones? A\u00f1os en el sector nos han ense\u00f1ado que el cliente corporativo no busca un proveedor, busca un socio t\u00e9cnico. Nuestra trayectoria respalda cada nodo de nuestra red, con el apoyo de Coeficiente Comunicaci\u00f3n\" \/>\n<meta property=\"og:url\" content=\"https:\/\/sariacom.mx\/\" \/>\n<meta property=\"og:site_name\" content=\"Internet empresarial\" \/>\n<meta property=\"article:modified_time\" content=\"2026-02-11T19:43:46+00:00\" \/>\n<meta property=\"og:image\" content=\"https:\/\/sariacom.mx\/wp-content\/uploads\/2026\/02\/saria_comunicaciones.jpg\" \/>\n\t<meta property=\"og:image:width\" content=\"1800\" \/>\n\t<meta property=\"og:image:height\" content=\"861\" \/>\n\t<meta property=\"og:image:type\" content=\"image\/jpeg\" \/>\n<meta name=\"twitter:card\" content=\"summary_large_image\" \/>\n<meta name=\"twitter:label1\" content=\"Tiempo de lectura\" \/>\n\t<meta name=\"twitter:data1\" content=\"2 minutos\" \/>\n<script type=\"application\/ld+json\" class=\"yoast-schema-graph\">{\"@context\":\"https:\/\/schema.org\",\"@graph\":[{\"@type\":\"WebPage\",\"@id\":\"https:\/\/sariacom.mx\/\",\"url\":\"https:\/\/sariacom.mx\/\",\"name\":\"Inicio - Internet empresarial\",\"isPartOf\":{\"@id\":\"https:\/\/sariacom.mx\/#website\"},\"primaryImageOfPage\":{\"@id\":\"https:\/\/sariacom.mx\/#primaryimage\"},\"image\":{\"@id\":\"https:\/\/sariacom.mx\/#primaryimage\"},\"thumbnailUrl\":\"https:\/\/sariacom.mx\/wp-content\/uploads\/2026\/02\/saria_comunicaciones.jpg\",\"datePublished\":\"2026-02-10T15:51:25+00:00\",\"dateModified\":\"2026-02-11T19:43:46+00:00\",\"breadcrumb\":{\"@id\":\"https:\/\/sariacom.mx\/#breadcrumb\"},\"inLanguage\":\"es\",\"potentialAction\":[{\"@type\":\"ReadAction\",\"target\":[\"https:\/\/sariacom.mx\/\"]}]},{\"@type\":\"ImageObject\",\"inLanguage\":\"es\",\"@id\":\"https:\/\/sariacom.mx\/#primaryimage\",\"url\":\"https:\/\/sariacom.mx\/wp-content\/uploads\/2026\/02\/saria_comunicaciones.jpg\",\"contentUrl\":\"https:\/\/sariacom.mx\/wp-content\/uploads\/2026\/02\/saria_comunicaciones.jpg\",\"width\":1800,\"height\":861,\"caption\":\"Digital network connection lines of Sathorn, Bangkok Downtown, Thailand. Financial district and business centers in smart urban city in Asia. Skyscraper and high-rise buildings at night.\"},{\"@type\":\"BreadcrumbList\",\"@id\":\"https:\/\/sariacom.mx\/#breadcrumb\",\"itemListElement\":[{\"@type\":\"ListItem\",\"position\":1,\"name\":\"Portada\",\"item\":\"https:\/\/sariacom.mx\/\"},{\"@type\":\"ListItem\",\"position\":2,\"name\":\"Inicio\"}]},{\"@type\":\"WebSite\",\"@id\":\"https:\/\/sariacom.mx\/#website\",\"url\":\"https:\/\/sariacom.mx\/\",\"name\":\"Internet empresarial\",\"description\":\"En SARIA \/ Coeficiente conectamos negocios con resultados. Somos la red de infraestructura l\u00edder en Jalisco, Aguascalientes, Colima y Zacatecas\",\"publisher\":{\"@id\":\"https:\/\/sariacom.mx\/#organization\"},\"potentialAction\":[{\"@type\":\"SearchAction\",\"target\":{\"@type\":\"EntryPoint\",\"urlTemplate\":\"https:\/\/sariacom.mx\/?s={search_term_string}\"},\"query-input\":{\"@type\":\"PropertyValueSpecification\",\"valueRequired\":true,\"valueName\":\"search_term_string\"}}],\"inLanguage\":\"es\"},{\"@type\":\"Organization\",\"@id\":\"https:\/\/sariacom.mx\/#organization\",\"name\":\"Internet empresarial\",\"url\":\"https:\/\/sariacom.mx\/\",\"logo\":{\"@type\":\"ImageObject\",\"inLanguage\":\"es\",\"@id\":\"https:\/\/sariacom.mx\/#\/schema\/logo\/image\/\",\"url\":\"https:\/\/sariacom.mx\/wp-content\/uploads\/2026\/02\/cropped-cropped-Saria_telecomunicaciones_logo.png\",\"contentUrl\":\"https:\/\/sariacom.mx\/wp-content\/uploads\/2026\/02\/cropped-cropped-Saria_telecomunicaciones_logo.png\",\"width\":881,\"height\":407,\"caption\":\"Internet empresarial\"},\"image\":{\"@id\":\"https:\/\/sariacom.mx\/#\/schema\/logo\/image\/\"}}]}<\/script>\n<!-- \/ Yoast SEO plugin. -->","yoast_head_json":{"title":"Inicio - Internet empresarial","robots":{"index":"index","follow":"follow","max-snippet":"max-snippet:-1","max-image-preview":"max-image-preview:large","max-video-preview":"max-video-preview:-1"},"canonical":"https:\/\/sariacom.mx\/","og_locale":"es_ES","og_type":"article","og_title":"Inicio - Internet empresarial","og_description":"\u00bfPor qu\u00e9 SARIA Comunicaciones? A\u00f1os en el sector nos han ense\u00f1ado que el cliente corporativo no busca un proveedor, busca un socio t\u00e9cnico. Nuestra trayectoria respalda cada nodo de nuestra red, con el apoyo de Coeficiente Comunicaci\u00f3n","og_url":"https:\/\/sariacom.mx\/","og_site_name":"Internet empresarial","article_modified_time":"2026-02-11T19:43:46+00:00","og_image":[{"width":1800,"height":861,"url":"https:\/\/sariacom.mx\/wp-content\/uploads\/2026\/02\/saria_comunicaciones.jpg","type":"image\/jpeg"}],"twitter_card":"summary_large_image","twitter_misc":{"Tiempo de lectura":"2 minutos"},"schema":{"@context":"https:\/\/schema.org","@graph":[{"@type":"WebPage","@id":"https:\/\/sariacom.mx\/","url":"https:\/\/sariacom.mx\/","name":"Inicio - Internet empresarial","isPartOf":{"@id":"https:\/\/sariacom.mx\/#website"},"primaryImageOfPage":{"@id":"https:\/\/sariacom.mx\/#primaryimage"},"image":{"@id":"https:\/\/sariacom.mx\/#primaryimage"},"thumbnailUrl":"https:\/\/sariacom.mx\/wp-content\/uploads\/2026\/02\/saria_comunicaciones.jpg","datePublished":"2026-02-10T15:51:25+00:00","dateModified":"2026-02-11T19:43:46+00:00","breadcrumb":{"@id":"https:\/\/sariacom.mx\/#breadcrumb"},"inLanguage":"es","potentialAction":[{"@type":"ReadAction","target":["https:\/\/sariacom.mx\/"]}]},{"@type":"ImageObject","inLanguage":"es","@id":"https:\/\/sariacom.mx\/#primaryimage","url":"https:\/\/sariacom.mx\/wp-content\/uploads\/2026\/02\/saria_comunicaciones.jpg","contentUrl":"https:\/\/sariacom.mx\/wp-content\/uploads\/2026\/02\/saria_comunicaciones.jpg","width":1800,"height":861,"caption":"Digital network connection lines of Sathorn, Bangkok Downtown, Thailand. Financial district and business centers in smart urban city in Asia. Skyscraper and high-rise buildings at night."},{"@type":"BreadcrumbList","@id":"https:\/\/sariacom.mx\/#breadcrumb","itemListElement":[{"@type":"ListItem","position":1,"name":"Portada","item":"https:\/\/sariacom.mx\/"},{"@type":"ListItem","position":2,"name":"Inicio"}]},{"@type":"WebSite","@id":"https:\/\/sariacom.mx\/#website","url":"https:\/\/sariacom.mx\/","name":"Internet empresarial","description":"En SARIA \/ Coeficiente conectamos negocios con resultados. Somos la red de infraestructura l\u00edder en Jalisco, Aguascalientes, Colima y Zacatecas","publisher":{"@id":"https:\/\/sariacom.mx\/#organization"},"potentialAction":[{"@type":"SearchAction","target":{"@type":"EntryPoint","urlTemplate":"https:\/\/sariacom.mx\/?s={search_term_string}"},"query-input":{"@type":"PropertyValueSpecification","valueRequired":true,"valueName":"search_term_string"}}],"inLanguage":"es"},{"@type":"Organization","@id":"https:\/\/sariacom.mx\/#organization","name":"Internet empresarial","url":"https:\/\/sariacom.mx\/","logo":{"@type":"ImageObject","inLanguage":"es","@id":"https:\/\/sariacom.mx\/#\/schema\/logo\/image\/","url":"https:\/\/sariacom.mx\/wp-content\/uploads\/2026\/02\/cropped-cropped-Saria_telecomunicaciones_logo.png","contentUrl":"https:\/\/sariacom.mx\/wp-content\/uploads\/2026\/02\/cropped-cropped-Saria_telecomunicaciones_logo.png","width":881,"height":407,"caption":"Internet empresarial"},"image":{"@id":"https:\/\/sariacom.mx\/#\/schema\/logo\/image\/"}}]}},"_links":{"self":[{"href":"https:\/\/sariacom.mx\/index.php?rest_route=\/wp\/v2\/pages\/29","targetHints":{"allow":["GET"]}}],"collection":[{"href":"https:\/\/sariacom.mx\/index.php?rest_route=\/wp\/v2\/pages"}],"about":[{"href":"https:\/\/sariacom.mx\/index.php?rest_route=\/wp\/v2\/types\/page"}],"author":[{"embeddable":true,"href":"https:\/\/sariacom.mx\/index.php?rest_route=\/wp\/v2\/users\/1"}],"replies":[{"embeddable":true,"href":"https:\/\/sariacom.mx\/index.php?rest_route=%2Fwp%2Fv2%2Fcomments&post=29"}],"version-history":[{"count":5,"href":"https:\/\/sariacom.mx\/index.php?rest_route=\/wp\/v2\/pages\/29\/revisions"}],"predecessor-version":[{"id":182,"href":"https:\/\/sariacom.mx\/index.php?rest_route=\/wp\/v2\/pages\/29\/revisions\/182"}],"wp:featuredmedia":[{"embeddable":true,"href":"https:\/\/sariacom.mx\/index.php?rest_route=\/wp\/v2\/media\/66"}],"wp:attachment":[{"href":"https:\/\/sariacom.mx\/index.php?rest_route=%2Fwp%2Fv2%2Fmedia&parent=29"}],"curies":[{"name":"wp","href":"https:\/\/api.w.org\/{rel}","templated":true}]}}