{"id":186,"date":"2026-02-11T20:20:03","date_gmt":"2026-02-11T20:20:03","guid":{"rendered":"https:\/\/sariacom.mx\/?page_id=186"},"modified":"2026-02-11T20:22:25","modified_gmt":"2026-02-11T20:22:25","slug":"cobertura","status":"publish","type":"page","link":"https:\/\/sariacom.mx\/?page_id=186","title":{"rendered":"Cobertura"},"content":{"rendered":"\n<p>La infraestructura que impulsa a las empresas m\u00e1s importantes del Occidente sigue creciendo. En <strong>Coeficiente<\/strong>, nuestra red de conectividad empresarial no solo une puntos; garantiza la continuidad de tu operaci\u00f3n donde m\u00e1s lo necesitas.<\/p>\n\n\n\n<p>Hoy, nuestra cobertura l\u00edder se extiende con fuerza en: \ud83d\udccd <strong>Jalisco<\/strong> | <strong>Aguascalientes<\/strong> | <strong>Colima<\/strong> | <strong>Zacatecas<\/strong><\/p>\n\n\n\n<div style=\"height:100px\" aria-hidden=\"true\" class=\"wp-block-spacer\"><\/div>\n\n\n\n<div id=\"wp-block-themeisle-blocks-button-group-41285572\" class=\"wp-block-themeisle-blocks-button-group wp-block-buttons\">\n<div id=\"wp-block-themeisle-blocks-button-bb7b1f2b\" class=\"wp-block-themeisle-blocks-button wp-block-button\"><a href=\"https:\/\/www.google.com\/maps\/d\/u\/0\/viewer?mid=1o3Rrsjg6pOhA1gLYlnJsdJ5Mrx91xGI&amp;ll=20.797984520320487%2C-102.98242655&amp;z=8\" target=\"_self\" rel=\"noopener noreferrer\" class=\"wp-block-button__link\"><span>Cobertura Fibra \u00d3ptica<\/span><\/a><\/div>\n\n\n\n<div id=\"wp-block-themeisle-blocks-button-a90cfdd8\" class=\"wp-block-themeisle-blocks-button wp-block-button\"><a href=\"https:\/\/www.google.com\/maps\/d\/u\/0\/viewer?mid=1YnssNTkcJenQp1s-0QDuRNiIAahrpos&amp;ll=20.57875732996008%2C-103.31534019999998&amp;z=7\" target=\"_self\" rel=\"noopener noreferrer\" class=\"wp-block-button__link\"><span>Cobertura Microonda<\/span><\/a><\/div>\n<\/div>\n\n\n\n<div style=\"height:100px\" aria-hidden=\"true\" class=\"wp-block-spacer\"><\/div>\n\n\n\n<p><\/p>\n","protected":false},"excerpt":{"rendered":"<p>La infraestructura que impulsa a las empresas m\u00e1s importantes del Occidente sigue creciendo. En Coeficiente, nuestra red de conectividad empresarial no solo une puntos; garantiza la continuidad de tu operaci\u00f3n donde m\u00e1s lo necesitas. Hoy, nuestra cobertura l\u00edder se extiende con fuerza en: \ud83d\udccd Jalisco | Aguascalientes | Colima | [&hellip;]<\/p>\n","protected":false},"author":1,"featured_media":0,"parent":0,"menu_order":0,"comment_status":"closed","ping_status":"closed","template":"","meta":{"_themeisle_gutenberg_block_has_review":false,"footnotes":""},"class_list":["post-186","page","type-page","status-publish","hentry"],"yoast_head":"<!-- This site is optimized with the Yoast SEO plugin v26.9 - https:\/\/yoast.com\/product\/yoast-seo-wordpress\/ -->\n<title>Cobertura - Internet empresarial<\/title>\n<meta name=\"robots\" content=\"index, follow, max-snippet:-1, max-image-preview:large, max-video-preview:-1\" \/>\n<link rel=\"canonical\" href=\"https:\/\/sariacom.mx\/?page_id=186\" \/>\n<meta property=\"og:locale\" content=\"es_ES\" \/>\n<meta property=\"og:type\" content=\"article\" \/>\n<meta property=\"og:title\" content=\"Cobertura - Internet empresarial\" \/>\n<meta property=\"og:description\" content=\"La infraestructura que impulsa a las empresas m\u00e1s importantes del Occidente sigue creciendo. En Coeficiente, nuestra red de conectividad empresarial no solo une puntos; garantiza la continuidad de tu operaci\u00f3n donde m\u00e1s lo necesitas. Hoy, nuestra cobertura l\u00edder se extiende con fuerza en: \ud83d\udccd Jalisco | Aguascalientes | Colima | [&hellip;]\" \/>\n<meta property=\"og:url\" content=\"https:\/\/sariacom.mx\/?page_id=186\" \/>\n<meta property=\"og:site_name\" content=\"Internet empresarial\" \/>\n<meta property=\"article:modified_time\" content=\"2026-02-11T20:22:25+00:00\" \/>\n<meta name=\"twitter:card\" content=\"summary_large_image\" \/>\n<meta name=\"twitter:label1\" content=\"Tiempo de lectura\" \/>\n\t<meta name=\"twitter:data1\" content=\"1 minuto\" \/>\n<script type=\"application\/ld+json\" class=\"yoast-schema-graph\">{\"@context\":\"https:\/\/schema.org\",\"@graph\":[{\"@type\":\"WebPage\",\"@id\":\"https:\/\/sariacom.mx\/?page_id=186\",\"url\":\"https:\/\/sariacom.mx\/?page_id=186\",\"name\":\"Cobertura - Internet empresarial\",\"isPartOf\":{\"@id\":\"https:\/\/sariacom.mx\/#website\"},\"datePublished\":\"2026-02-11T20:20:03+00:00\",\"dateModified\":\"2026-02-11T20:22:25+00:00\",\"breadcrumb\":{\"@id\":\"https:\/\/sariacom.mx\/?page_id=186#breadcrumb\"},\"inLanguage\":\"es\",\"potentialAction\":[{\"@type\":\"ReadAction\",\"target\":[\"https:\/\/sariacom.mx\/?page_id=186\"]}]},{\"@type\":\"BreadcrumbList\",\"@id\":\"https:\/\/sariacom.mx\/?page_id=186#breadcrumb\",\"itemListElement\":[{\"@type\":\"ListItem\",\"position\":1,\"name\":\"Portada\",\"item\":\"https:\/\/sariacom.mx\/\"},{\"@type\":\"ListItem\",\"position\":2,\"name\":\"Cobertura\"}]},{\"@type\":\"WebSite\",\"@id\":\"https:\/\/sariacom.mx\/#website\",\"url\":\"https:\/\/sariacom.mx\/\",\"name\":\"Internet empresarial\",\"description\":\"En SARIA \/ Coeficiente conectamos negocios con resultados. Somos la red de infraestructura l\u00edder en Jalisco, Aguascalientes, Colima y Zacatecas\",\"publisher\":{\"@id\":\"https:\/\/sariacom.mx\/#organization\"},\"potentialAction\":[{\"@type\":\"SearchAction\",\"target\":{\"@type\":\"EntryPoint\",\"urlTemplate\":\"https:\/\/sariacom.mx\/?s={search_term_string}\"},\"query-input\":{\"@type\":\"PropertyValueSpecification\",\"valueRequired\":true,\"valueName\":\"search_term_string\"}}],\"inLanguage\":\"es\"},{\"@type\":\"Organization\",\"@id\":\"https:\/\/sariacom.mx\/#organization\",\"name\":\"Internet empresarial\",\"url\":\"https:\/\/sariacom.mx\/\",\"logo\":{\"@type\":\"ImageObject\",\"inLanguage\":\"es\",\"@id\":\"https:\/\/sariacom.mx\/#\/schema\/logo\/image\/\",\"url\":\"https:\/\/sariacom.mx\/wp-content\/uploads\/2026\/02\/cropped-cropped-Saria_telecomunicaciones_logo.png\",\"contentUrl\":\"https:\/\/sariacom.mx\/wp-content\/uploads\/2026\/02\/cropped-cropped-Saria_telecomunicaciones_logo.png\",\"width\":881,\"height\":407,\"caption\":\"Internet empresarial\"},\"image\":{\"@id\":\"https:\/\/sariacom.mx\/#\/schema\/logo\/image\/\"}}]}<\/script>\n<!-- \/ Yoast SEO plugin. -->","yoast_head_json":{"title":"Cobertura - Internet empresarial","robots":{"index":"index","follow":"follow","max-snippet":"max-snippet:-1","max-image-preview":"max-image-preview:large","max-video-preview":"max-video-preview:-1"},"canonical":"https:\/\/sariacom.mx\/?page_id=186","og_locale":"es_ES","og_type":"article","og_title":"Cobertura - Internet empresarial","og_description":"La infraestructura que impulsa a las empresas m\u00e1s importantes del Occidente sigue creciendo. En Coeficiente, nuestra red de conectividad empresarial no solo une puntos; garantiza la continuidad de tu operaci\u00f3n donde m\u00e1s lo necesitas. Hoy, nuestra cobertura l\u00edder se extiende con fuerza en: \ud83d\udccd Jalisco | Aguascalientes | Colima | [&hellip;]","og_url":"https:\/\/sariacom.mx\/?page_id=186","og_site_name":"Internet empresarial","article_modified_time":"2026-02-11T20:22:25+00:00","twitter_card":"summary_large_image","twitter_misc":{"Tiempo de lectura":"1 minuto"},"schema":{"@context":"https:\/\/schema.org","@graph":[{"@type":"WebPage","@id":"https:\/\/sariacom.mx\/?page_id=186","url":"https:\/\/sariacom.mx\/?page_id=186","name":"Cobertura - Internet empresarial","isPartOf":{"@id":"https:\/\/sariacom.mx\/#website"},"datePublished":"2026-02-11T20:20:03+00:00","dateModified":"2026-02-11T20:22:25+00:00","breadcrumb":{"@id":"https:\/\/sariacom.mx\/?page_id=186#breadcrumb"},"inLanguage":"es","potentialAction":[{"@type":"ReadAction","target":["https:\/\/sariacom.mx\/?page_id=186"]}]},{"@type":"BreadcrumbList","@id":"https:\/\/sariacom.mx\/?page_id=186#breadcrumb","itemListElement":[{"@type":"ListItem","position":1,"name":"Portada","item":"https:\/\/sariacom.mx\/"},{"@type":"ListItem","position":2,"name":"Cobertura"}]},{"@type":"WebSite","@id":"https:\/\/sariacom.mx\/#website","url":"https:\/\/sariacom.mx\/","name":"Internet empresarial","description":"En SARIA \/ Coeficiente conectamos negocios con resultados. Somos la red de infraestructura l\u00edder en Jalisco, Aguascalientes, Colima y Zacatecas","publisher":{"@id":"https:\/\/sariacom.mx\/#organization"},"potentialAction":[{"@type":"SearchAction","target":{"@type":"EntryPoint","urlTemplate":"https:\/\/sariacom.mx\/?s={search_term_string}"},"query-input":{"@type":"PropertyValueSpecification","valueRequired":true,"valueName":"search_term_string"}}],"inLanguage":"es"},{"@type":"Organization","@id":"https:\/\/sariacom.mx\/#organization","name":"Internet empresarial","url":"https:\/\/sariacom.mx\/","logo":{"@type":"ImageObject","inLanguage":"es","@id":"https:\/\/sariacom.mx\/#\/schema\/logo\/image\/","url":"https:\/\/sariacom.mx\/wp-content\/uploads\/2026\/02\/cropped-cropped-Saria_telecomunicaciones_logo.png","contentUrl":"https:\/\/sariacom.mx\/wp-content\/uploads\/2026\/02\/cropped-cropped-Saria_telecomunicaciones_logo.png","width":881,"height":407,"caption":"Internet empresarial"},"image":{"@id":"https:\/\/sariacom.mx\/#\/schema\/logo\/image\/"}}]}},"_links":{"self":[{"href":"https:\/\/sariacom.mx\/index.php?rest_route=\/wp\/v2\/pages\/186","targetHints":{"allow":["GET"]}}],"collection":[{"href":"https:\/\/sariacom.mx\/index.php?rest_route=\/wp\/v2\/pages"}],"about":[{"href":"https:\/\/sariacom.mx\/index.php?rest_route=\/wp\/v2\/types\/page"}],"author":[{"embeddable":true,"href":"https:\/\/sariacom.mx\/index.php?rest_route=\/wp\/v2\/users\/1"}],"replies":[{"embeddable":true,"href":"https:\/\/sariacom.mx\/index.php?rest_route=%2Fwp%2Fv2%2Fcomments&post=186"}],"version-history":[{"count":4,"href":"https:\/\/sariacom.mx\/index.php?rest_route=\/wp\/v2\/pages\/186\/revisions"}],"predecessor-version":[{"id":191,"href":"https:\/\/sariacom.mx\/index.php?rest_route=\/wp\/v2\/pages\/186\/revisions\/191"}],"wp:attachment":[{"href":"https:\/\/sariacom.mx\/index.php?rest_route=%2Fwp%2Fv2%2Fmedia&parent=186"}],"curies":[{"name":"wp","href":"https:\/\/api.w.org\/{rel}","templated":true}]}}