{"id":158,"date":"2026-02-10T23:33:11","date_gmt":"2026-02-10T23:33:11","guid":{"rendered":"https:\/\/sariacom.mx\/?page_id=158"},"modified":"2026-02-10T23:45:29","modified_gmt":"2026-02-10T23:45:29","slug":"sla-garantia-de-nivel-de-servicio","status":"publish","type":"page","link":"https:\/\/sariacom.mx\/?page_id=158","title":{"rendered":"SLA | Garant\u00eda de nivel de servicio"},"content":{"rendered":"\n<p>En SARIA Comunicaciones, asumimos el compromiso de entregar una infraestructura de red de m\u00e1xima fiabilidad, dise\u00f1ada espec\u00edficamente para garantizar que sus servicios de alta velocidad operen con la estabilidad y el desempe\u00f1o que su organizaci\u00f3n exige para ser competitiva.<\/p>\n\n\n\n<p><\/p>\n\n\n\n<div id=\"wp-block-themeisle-blocks-button-group-244186eb\" class=\"wp-block-themeisle-blocks-button-group wp-block-buttons align-left-desktop animated fadeIn\">\n<div id=\"wp-block-themeisle-blocks-button-41d54b04\" class=\"wp-block-themeisle-blocks-button wp-block-button\"><a href=\"https:\/\/sariacom.mx\/wp-content\/uploads\/2026\/02\/SLA-2025-COEFICIENTE-DEDICADO.pdf\" target=\"_self\" rel=\"noopener noreferrer\" class=\"wp-block-button__link\"><span>Dedicado Jalisco<\/span><\/a><\/div>\n\n\n\n<div id=\"wp-block-themeisle-blocks-button-3912cf46\" class=\"wp-block-themeisle-blocks-button wp-block-button\"><a href=\"https:\/\/sariacom.mx\/wp-content\/uploads\/2026\/02\/SLA-2025-COEFICIENTE-BEST-EFFORT.pdf\" target=\"_self\" rel=\"noopener noreferrer\" class=\"wp-block-button__link\"><span>Best Effort Jalisco<\/span><\/a><\/div>\n\n\n\n<div id=\"wp-block-themeisle-blocks-button-c8639615\" class=\"wp-block-themeisle-blocks-button wp-block-button\"><a target=\"_self\" rel=\"noopener noreferrer\" class=\"wp-block-button__link\"><span>Dedicado Colima<\/span><\/a><\/div>\n\n\n\n<div id=\"wp-block-themeisle-blocks-button-9894c008\" class=\"wp-block-themeisle-blocks-button wp-block-button\"><a target=\"_self\" rel=\"noopener noreferrer\" class=\"wp-block-button__link\"><span>Best Effort Colima<\/span><\/a><\/div>\n<\/div>\n\n\n\n<p><\/p>\n","protected":false},"excerpt":{"rendered":"<p>En SARIA Comunicaciones, asumimos el compromiso de entregar una infraestructura de red de m\u00e1xima fiabilidad, dise\u00f1ada espec\u00edficamente para garantizar que sus servicios de alta velocidad operen con la estabilidad y el desempe\u00f1o que su organizaci\u00f3n exige para ser competitiva.<\/p>\n","protected":false},"author":1,"featured_media":0,"parent":0,"menu_order":0,"comment_status":"closed","ping_status":"closed","template":"","meta":{"_themeisle_gutenberg_block_has_review":false,"footnotes":""},"class_list":["post-158","page","type-page","status-publish","hentry"],"yoast_head":"<!-- This site is optimized with the Yoast SEO plugin v26.9 - https:\/\/yoast.com\/product\/yoast-seo-wordpress\/ -->\n<title>SLA | Garant\u00eda de nivel de servicio - Internet empresarial<\/title>\n<meta name=\"robots\" content=\"index, follow, max-snippet:-1, max-image-preview:large, max-video-preview:-1\" \/>\n<link rel=\"canonical\" href=\"https:\/\/sariacom.mx\/?page_id=158\" \/>\n<meta property=\"og:locale\" content=\"es_ES\" \/>\n<meta property=\"og:type\" content=\"article\" \/>\n<meta property=\"og:title\" content=\"SLA | Garant\u00eda de nivel de servicio - Internet empresarial\" \/>\n<meta property=\"og:description\" content=\"En SARIA Comunicaciones, asumimos el compromiso de entregar una infraestructura de red de m\u00e1xima fiabilidad, dise\u00f1ada espec\u00edficamente para garantizar que sus servicios de alta velocidad operen con la estabilidad y el desempe\u00f1o que su organizaci\u00f3n exige para ser competitiva.\" \/>\n<meta property=\"og:url\" content=\"https:\/\/sariacom.mx\/?page_id=158\" \/>\n<meta property=\"og:site_name\" content=\"Internet empresarial\" \/>\n<meta property=\"article:modified_time\" content=\"2026-02-10T23:45:29+00:00\" \/>\n<meta name=\"twitter:card\" content=\"summary_large_image\" \/>\n<meta name=\"twitter:label1\" content=\"Tiempo de lectura\" \/>\n\t<meta name=\"twitter:data1\" content=\"1 minuto\" \/>\n<script type=\"application\/ld+json\" class=\"yoast-schema-graph\">{\"@context\":\"https:\/\/schema.org\",\"@graph\":[{\"@type\":\"WebPage\",\"@id\":\"https:\/\/sariacom.mx\/?page_id=158\",\"url\":\"https:\/\/sariacom.mx\/?page_id=158\",\"name\":\"SLA | Garant\u00eda de nivel de servicio - Internet empresarial\",\"isPartOf\":{\"@id\":\"https:\/\/sariacom.mx\/#website\"},\"datePublished\":\"2026-02-10T23:33:11+00:00\",\"dateModified\":\"2026-02-10T23:45:29+00:00\",\"breadcrumb\":{\"@id\":\"https:\/\/sariacom.mx\/?page_id=158#breadcrumb\"},\"inLanguage\":\"es\",\"potentialAction\":[{\"@type\":\"ReadAction\",\"target\":[\"https:\/\/sariacom.mx\/?page_id=158\"]}]},{\"@type\":\"BreadcrumbList\",\"@id\":\"https:\/\/sariacom.mx\/?page_id=158#breadcrumb\",\"itemListElement\":[{\"@type\":\"ListItem\",\"position\":1,\"name\":\"Portada\",\"item\":\"https:\/\/sariacom.mx\/\"},{\"@type\":\"ListItem\",\"position\":2,\"name\":\"SLA | Garant\u00eda de nivel de servicio\"}]},{\"@type\":\"WebSite\",\"@id\":\"https:\/\/sariacom.mx\/#website\",\"url\":\"https:\/\/sariacom.mx\/\",\"name\":\"Internet empresarial\",\"description\":\"En SARIA \/ Coeficiente conectamos negocios con resultados. Somos la red de infraestructura l\u00edder en Jalisco, Aguascalientes, Colima y Zacatecas\",\"publisher\":{\"@id\":\"https:\/\/sariacom.mx\/#organization\"},\"potentialAction\":[{\"@type\":\"SearchAction\",\"target\":{\"@type\":\"EntryPoint\",\"urlTemplate\":\"https:\/\/sariacom.mx\/?s={search_term_string}\"},\"query-input\":{\"@type\":\"PropertyValueSpecification\",\"valueRequired\":true,\"valueName\":\"search_term_string\"}}],\"inLanguage\":\"es\"},{\"@type\":\"Organization\",\"@id\":\"https:\/\/sariacom.mx\/#organization\",\"name\":\"Internet empresarial\",\"url\":\"https:\/\/sariacom.mx\/\",\"logo\":{\"@type\":\"ImageObject\",\"inLanguage\":\"es\",\"@id\":\"https:\/\/sariacom.mx\/#\/schema\/logo\/image\/\",\"url\":\"https:\/\/sariacom.mx\/wp-content\/uploads\/2026\/02\/cropped-cropped-Saria_telecomunicaciones_logo.png\",\"contentUrl\":\"https:\/\/sariacom.mx\/wp-content\/uploads\/2026\/02\/cropped-cropped-Saria_telecomunicaciones_logo.png\",\"width\":881,\"height\":407,\"caption\":\"Internet empresarial\"},\"image\":{\"@id\":\"https:\/\/sariacom.mx\/#\/schema\/logo\/image\/\"}}]}<\/script>\n<!-- \/ Yoast SEO plugin. -->","yoast_head_json":{"title":"SLA | Garant\u00eda de nivel de servicio - Internet empresarial","robots":{"index":"index","follow":"follow","max-snippet":"max-snippet:-1","max-image-preview":"max-image-preview:large","max-video-preview":"max-video-preview:-1"},"canonical":"https:\/\/sariacom.mx\/?page_id=158","og_locale":"es_ES","og_type":"article","og_title":"SLA | Garant\u00eda de nivel de servicio - Internet empresarial","og_description":"En SARIA Comunicaciones, asumimos el compromiso de entregar una infraestructura de red de m\u00e1xima fiabilidad, dise\u00f1ada espec\u00edficamente para garantizar que sus servicios de alta velocidad operen con la estabilidad y el desempe\u00f1o que su organizaci\u00f3n exige para ser competitiva.","og_url":"https:\/\/sariacom.mx\/?page_id=158","og_site_name":"Internet empresarial","article_modified_time":"2026-02-10T23:45:29+00:00","twitter_card":"summary_large_image","twitter_misc":{"Tiempo de lectura":"1 minuto"},"schema":{"@context":"https:\/\/schema.org","@graph":[{"@type":"WebPage","@id":"https:\/\/sariacom.mx\/?page_id=158","url":"https:\/\/sariacom.mx\/?page_id=158","name":"SLA | Garant\u00eda de nivel de servicio - Internet empresarial","isPartOf":{"@id":"https:\/\/sariacom.mx\/#website"},"datePublished":"2026-02-10T23:33:11+00:00","dateModified":"2026-02-10T23:45:29+00:00","breadcrumb":{"@id":"https:\/\/sariacom.mx\/?page_id=158#breadcrumb"},"inLanguage":"es","potentialAction":[{"@type":"ReadAction","target":["https:\/\/sariacom.mx\/?page_id=158"]}]},{"@type":"BreadcrumbList","@id":"https:\/\/sariacom.mx\/?page_id=158#breadcrumb","itemListElement":[{"@type":"ListItem","position":1,"name":"Portada","item":"https:\/\/sariacom.mx\/"},{"@type":"ListItem","position":2,"name":"SLA | Garant\u00eda de nivel de servicio"}]},{"@type":"WebSite","@id":"https:\/\/sariacom.mx\/#website","url":"https:\/\/sariacom.mx\/","name":"Internet empresarial","description":"En SARIA \/ Coeficiente conectamos negocios con resultados. Somos la red de infraestructura l\u00edder en Jalisco, Aguascalientes, Colima y Zacatecas","publisher":{"@id":"https:\/\/sariacom.mx\/#organization"},"potentialAction":[{"@type":"SearchAction","target":{"@type":"EntryPoint","urlTemplate":"https:\/\/sariacom.mx\/?s={search_term_string}"},"query-input":{"@type":"PropertyValueSpecification","valueRequired":true,"valueName":"search_term_string"}}],"inLanguage":"es"},{"@type":"Organization","@id":"https:\/\/sariacom.mx\/#organization","name":"Internet empresarial","url":"https:\/\/sariacom.mx\/","logo":{"@type":"ImageObject","inLanguage":"es","@id":"https:\/\/sariacom.mx\/#\/schema\/logo\/image\/","url":"https:\/\/sariacom.mx\/wp-content\/uploads\/2026\/02\/cropped-cropped-Saria_telecomunicaciones_logo.png","contentUrl":"https:\/\/sariacom.mx\/wp-content\/uploads\/2026\/02\/cropped-cropped-Saria_telecomunicaciones_logo.png","width":881,"height":407,"caption":"Internet empresarial"},"image":{"@id":"https:\/\/sariacom.mx\/#\/schema\/logo\/image\/"}}]}},"_links":{"self":[{"href":"https:\/\/sariacom.mx\/index.php?rest_route=\/wp\/v2\/pages\/158","targetHints":{"allow":["GET"]}}],"collection":[{"href":"https:\/\/sariacom.mx\/index.php?rest_route=\/wp\/v2\/pages"}],"about":[{"href":"https:\/\/sariacom.mx\/index.php?rest_route=\/wp\/v2\/types\/page"}],"author":[{"embeddable":true,"href":"https:\/\/sariacom.mx\/index.php?rest_route=\/wp\/v2\/users\/1"}],"replies":[{"embeddable":true,"href":"https:\/\/sariacom.mx\/index.php?rest_route=%2Fwp%2Fv2%2Fcomments&post=158"}],"version-history":[{"count":10,"href":"https:\/\/sariacom.mx\/index.php?rest_route=\/wp\/v2\/pages\/158\/revisions"}],"predecessor-version":[{"id":178,"href":"https:\/\/sariacom.mx\/index.php?rest_route=\/wp\/v2\/pages\/158\/revisions\/178"}],"wp:attachment":[{"href":"https:\/\/sariacom.mx\/index.php?rest_route=%2Fwp%2Fv2%2Fmedia&parent=158"}],"curies":[{"name":"wp","href":"https:\/\/api.w.org\/{rel}","templated":true}]}}