{"id":113,"date":"2026-02-10T19:09:17","date_gmt":"2026-02-10T19:09:17","guid":{"rendered":"https:\/\/sariacom.mx\/?page_id=113"},"modified":"2026-02-10T23:37:32","modified_gmt":"2026-02-10T23:37:32","slug":"legal","status":"publish","type":"page","link":"https:\/\/sariacom.mx\/?page_id=113","title":{"rendered":"Documentaci\u00f3n Legal"},"content":{"rendered":"\n<p>En <strong>SARIA Comunicaci\u00f3n<\/strong>, en adelante <strong>Coeficiente Comunicaciones S.A.<\/strong>, entendemos que la confianza se construye con claridad y profesionalismo. Nuestra evoluci\u00f3n como marca es un paso resiliente hacia una estructura corporativa m\u00e1s robusta, dise\u00f1ada para eliminar obst\u00e1culos t\u00e9cnicos y potenciar la productividad de nuestros clientes.<\/p>\n\n\n\n<p>Para su tranquilidad y cumplimiento administrativo, ponemos a su entera disposici\u00f3n toda la <strong>documentaci\u00f3n legal correspondiente para su consulta<\/strong>. Reafirmamos nuestro compromiso de mantener una relaci\u00f3n s\u00f3lida y transparente, asegurando que cada uno de nuestros procesos cuente con el respaldo jur\u00eddico que su empresa exige.<\/p>\n\n\n\n<div id=\"wp-block-themeisle-blocks-advanced-columns-b4146d26\" class=\"wp-block-themeisle-blocks-advanced-columns alignfull has-3-columns has-desktop-equal-layout has-tablet-equal-layout has-mobile-collapsedRows-layout has-vertical-center ticss-c00aadba animated fadeIn delay-100ms\"><div class=\"wp-block-themeisle-blocks-advanced-columns-overlay\"><\/div><div class=\"innerblocks-wrap\">\n<div id=\"wp-block-themeisle-blocks-advanced-column-18fe4a0a\" class=\"wp-block-themeisle-blocks-advanced-column\">\n<div id=\"wp-block-themeisle-blocks-font-awesome-icons-097e65ab\" class=\"wp-block-themeisle-blocks-font-awesome-icons\"><span class=\"wp-block-themeisle-blocks-font-awesome-icons-container\"><svg xmlns=\"http:\/\/www.w3.org\/2000\/svg\" viewBox=\"0 0 1800 1800\"><path d=\"M872.831,1326.446c-1.999,0.113-3.853-0.183-5.733-0.53c-6.064-1.076-11.863-3.945-16.53-8.611 l-514.859-514.86c-5.852-5.855-9.138-13.792-9.138-22.068c0-8.275,3.287-16.212,9.142-22.067L455.5,638.535 c12.189-12.185,31.954-12.185,44.126,0l373.109,373.1l727.884-727.89c12.189-12.185,31.949-12.185,44.131,0l119.788,119.784 c5.855,5.851,9.142,13.792,9.142,22.067s-3.286,16.212-9.137,22.063l-869.649,869.645 C889.043,1323.155,881.106,1326.446,872.831,1326.446z M401.905,780.377l470.825,470.83l825.614-825.61l-75.657-75.653 l-727.885,727.889c-12.19,12.186-31.95,12.186-44.13,0L477.563,704.729L401.905,780.377z\"><\/path><path d=\"M1692.376,662.67c22.568,75.209,34.758,154.872,34.758,237.334c0,456.08-371.054,827.129-827.138,827.129 c-456.08,0-827.129-371.05-827.129-827.129c0-456.084,371.049-827.138,827.129-827.138c213.186,0,407.787,81.086,554.605,214.022 l44.161-44.165C1340.604,98.513,1130.391,10.456,899.996,10.456c-490.494,0-889.54,399.051-889.54,889.548 s399.046,889.54,889.54,889.54c490.498,0,889.548-399.042,889.548-889.54c0-100.372-16.734-196.909-47.517-286.985 L1692.376,662.67z\"><\/path><\/svg><\/span><\/div>\n\n\n\n<h5 id=\"wp-block-themeisle-blocks-advanced-heading-788243ec\" class=\"wp-block-themeisle-blocks-advanced-heading wp-block-themeisle-blocks-advanced-heading-788243ec\">AVISO DE PRIVACIDAD<\/h5>\n\n\n\n<p class=\"has-text-align-center\">Entendemos lo importante de su privacidad, tenemos el compromiso de respetar y proteger la confidencialidad de su informaci\u00f3n privada y datos personales.<\/p>\n\n\n\n<div class=\"wp-block-buttons is-vertical is-content-justification-center is-layout-flex wp-container-core-buttons-is-layout-9f5e29b6 wp-block-buttons-is-layout-flex\">\n<div class=\"wp-block-button has-custom-width wp-block-button__width-75 is-style-primary\"><a class=\"wp-block-button__link wp-element-button\">DOCUMENTO<\/a><\/div>\n<\/div>\n<\/div>\n\n\n\n<div id=\"wp-block-themeisle-blocks-advanced-column-b86925fa\" class=\"wp-block-themeisle-blocks-advanced-column\">\n<div id=\"wp-block-themeisle-blocks-font-awesome-icons-1edac54c\" class=\"wp-block-themeisle-blocks-font-awesome-icons\"><span class=\"wp-block-themeisle-blocks-font-awesome-icons-container\"><svg xmlns=\"http:\/\/www.w3.org\/2000\/svg\" viewBox=\"0 0 1800 1800\"><path d=\"M872.831,1326.446c-1.999,0.113-3.853-0.183-5.733-0.53c-6.064-1.076-11.863-3.945-16.53-8.611 l-514.859-514.86c-5.852-5.855-9.138-13.792-9.138-22.068c0-8.275,3.287-16.212,9.142-22.067L455.5,638.535 c12.189-12.185,31.954-12.185,44.126,0l373.109,373.1l727.884-727.89c12.189-12.185,31.949-12.185,44.131,0l119.788,119.784 c5.855,5.851,9.142,13.792,9.142,22.067s-3.286,16.212-9.137,22.063l-869.649,869.645 C889.043,1323.155,881.106,1326.446,872.831,1326.446z M401.905,780.377l470.825,470.83l825.614-825.61l-75.657-75.653 l-727.885,727.889c-12.19,12.186-31.95,12.186-44.13,0L477.563,704.729L401.905,780.377z\"><\/path><path d=\"M1692.376,662.67c22.568,75.209,34.758,154.872,34.758,237.334c0,456.08-371.054,827.129-827.138,827.129 c-456.08,0-827.129-371.05-827.129-827.129c0-456.084,371.049-827.138,827.129-827.138c213.186,0,407.787,81.086,554.605,214.022 l44.161-44.165C1340.604,98.513,1130.391,10.456,899.996,10.456c-490.494,0-889.54,399.051-889.54,889.548 s399.046,889.54,889.54,889.54c490.498,0,889.548-399.042,889.548-889.54c0-100.372-16.734-196.909-47.517-286.985 L1692.376,662.67z\"><\/path><\/svg><\/span><\/div>\n\n\n\n<h5 id=\"wp-block-themeisle-blocks-advanced-heading-77194bee\" class=\"wp-block-themeisle-blocks-advanced-heading wp-block-themeisle-blocks-advanced-heading-77194bee\">CONTRATO PROFECO<\/h5>\n\n\n\n<p class=\"has-text-align-center\">Contrato de Adhesi\u00f3n registrado ante PROFECO Procuradur\u00eda Federal del Consumidor.<br>Contrato de Adhesi\u00f3n de Telecomunicaciones<\/p>\n\n\n\n<div class=\"wp-block-buttons is-vertical is-content-justification-center is-layout-flex wp-container-core-buttons-is-layout-9f5e29b6 wp-block-buttons-is-layout-flex\">\n<div class=\"wp-block-button has-custom-width wp-block-button__width-75 is-style-primary\"><a class=\"wp-block-button__link wp-element-button\" href=\"https:\/\/sariacom.mx\/wp-content\/uploads\/2026\/02\/profeco.pdf\">DOCUMENTO<\/a><\/div>\n<\/div>\n<\/div>\n\n\n\n<div id=\"wp-block-themeisle-blocks-advanced-column-d194c3b0\" class=\"wp-block-themeisle-blocks-advanced-column\">\n<div id=\"wp-block-themeisle-blocks-font-awesome-icons-f35f1c58\" class=\"wp-block-themeisle-blocks-font-awesome-icons\"><span class=\"wp-block-themeisle-blocks-font-awesome-icons-container\"><svg xmlns=\"http:\/\/www.w3.org\/2000\/svg\" viewBox=\"0 0 1800 1800\"><path d=\"M872.831,1326.446c-1.999,0.113-3.853-0.183-5.733-0.53c-6.064-1.076-11.863-3.945-16.53-8.611 l-514.859-514.86c-5.852-5.855-9.138-13.792-9.138-22.068c0-8.275,3.287-16.212,9.142-22.067L455.5,638.535 c12.189-12.185,31.954-12.185,44.126,0l373.109,373.1l727.884-727.89c12.189-12.185,31.949-12.185,44.131,0l119.788,119.784 c5.855,5.851,9.142,13.792,9.142,22.067s-3.286,16.212-9.137,22.063l-869.649,869.645 C889.043,1323.155,881.106,1326.446,872.831,1326.446z M401.905,780.377l470.825,470.83l825.614-825.61l-75.657-75.653 l-727.885,727.889c-12.19,12.186-31.95,12.186-44.13,0L477.563,704.729L401.905,780.377z\"><\/path><path d=\"M1692.376,662.67c22.568,75.209,34.758,154.872,34.758,237.334c0,456.08-371.054,827.129-827.138,827.129 c-456.08,0-827.129-371.05-827.129-827.129c0-456.084,371.049-827.138,827.129-827.138c213.186,0,407.787,81.086,554.605,214.022 l44.161-44.165C1340.604,98.513,1130.391,10.456,899.996,10.456c-490.494,0-889.54,399.051-889.54,889.548 s399.046,889.54,889.54,889.54c490.498,0,889.548-399.042,889.548-889.54c0-100.372-16.734-196.909-47.517-286.985 L1692.376,662.67z\"><\/path><\/svg><\/span><\/div>\n\n\n\n<h5 id=\"wp-block-themeisle-blocks-advanced-heading-9d66dcad\" class=\"wp-block-themeisle-blocks-advanced-heading wp-block-themeisle-blocks-advanced-heading-9d66dcad\">CARTA DE DERECHOS<\/h5>\n\n\n\n<p class=\"has-text-align-center\">Nueva Carta de Derechos M\u00ednimos de los Usuarios carta de derechos m\u00ednimos de los usuarios de los servicios p\u00fablicos de Telecomunicaciones<\/p>\n\n\n\n<div class=\"wp-block-buttons is-vertical is-content-justification-center is-layout-flex wp-container-core-buttons-is-layout-9f5e29b6 wp-block-buttons-is-layout-flex\">\n<div class=\"wp-block-button has-custom-width wp-block-button__width-75 is-style-primary\"><a class=\"wp-block-button__link wp-element-button\" href=\"https:\/\/sariacom.mx\/wp-content\/uploads\/2026\/02\/derechosminimos.pdf\">DOCUMENTO<\/a><\/div>\n<\/div>\n<\/div>\n<\/div><\/div>\n\n\n\n<div id=\"wp-block-themeisle-blocks-advanced-columns-16463a1b\" class=\"wp-block-themeisle-blocks-advanced-columns alignfull has-3-columns has-desktop-equal-layout has-tablet-equal-layout has-mobile-collapsedRows-layout has-vertical-center ticss-c00aadba animated fadeIn delay-1s\"><div class=\"wp-block-themeisle-blocks-advanced-columns-overlay\"><\/div><div class=\"innerblocks-wrap\">\n<div id=\"wp-block-themeisle-blocks-advanced-column-c977e743\" class=\"wp-block-themeisle-blocks-advanced-column\">\n<div id=\"wp-block-themeisle-blocks-font-awesome-icons-23111c47\" class=\"wp-block-themeisle-blocks-font-awesome-icons\"><span class=\"wp-block-themeisle-blocks-font-awesome-icons-container\"><svg xmlns=\"http:\/\/www.w3.org\/2000\/svg\" viewBox=\"0 0 1800 1800\"><path d=\"M872.831,1326.446c-1.999,0.113-3.853-0.183-5.733-0.53c-6.064-1.076-11.863-3.945-16.53-8.611 l-514.859-514.86c-5.852-5.855-9.138-13.792-9.138-22.068c0-8.275,3.287-16.212,9.142-22.067L455.5,638.535 c12.189-12.185,31.954-12.185,44.126,0l373.109,373.1l727.884-727.89c12.189-12.185,31.949-12.185,44.131,0l119.788,119.784 c5.855,5.851,9.142,13.792,9.142,22.067s-3.286,16.212-9.137,22.063l-869.649,869.645 C889.043,1323.155,881.106,1326.446,872.831,1326.446z M401.905,780.377l470.825,470.83l825.614-825.61l-75.657-75.653 l-727.885,727.889c-12.19,12.186-31.95,12.186-44.13,0L477.563,704.729L401.905,780.377z\"><\/path><path d=\"M1692.376,662.67c22.568,75.209,34.758,154.872,34.758,237.334c0,456.08-371.054,827.129-827.138,827.129 c-456.08,0-827.129-371.05-827.129-827.129c0-456.084,371.049-827.138,827.129-827.138c213.186,0,407.787,81.086,554.605,214.022 l44.161-44.165C1340.604,98.513,1130.391,10.456,899.996,10.456c-490.494,0-889.54,399.051-889.54,889.548 s399.046,889.54,889.54,889.54c490.498,0,889.548-399.042,889.548-889.54c0-100.372-16.734-196.909-47.517-286.985 L1692.376,662.67z\"><\/path><\/svg><\/span><\/div>\n\n\n\n<h5 id=\"wp-block-themeisle-blocks-advanced-heading-4c96bded\" class=\"wp-block-themeisle-blocks-advanced-heading wp-block-themeisle-blocks-advanced-heading-4c96bded\"><br>C\u00d3DIGO DE PR\u00c1CTICAS<br>COMERCIALES<\/h5>\n\n\n\n<p class=\"has-text-align-center\">El presente documento que contiene las reglas y pol\u00edticas de operaci\u00f3n del Concesionario y sus obligaciones frente al usuario.<\/p>\n\n\n\n<div class=\"wp-block-buttons is-vertical is-content-justification-center is-layout-flex wp-container-core-buttons-is-layout-9f5e29b6 wp-block-buttons-is-layout-flex\">\n<div class=\"wp-block-button has-custom-width wp-block-button__width-75 is-style-primary\"><a class=\"wp-block-button__link wp-element-button\" href=\"https:\/\/sariacom.mx\/wp-content\/uploads\/2026\/02\/Practicas-Comerciales.pdf\">DOCUMENTO<\/a><\/div>\n<\/div>\n<\/div>\n\n\n\n<div id=\"wp-block-themeisle-blocks-advanced-column-254b91a3\" class=\"wp-block-themeisle-blocks-advanced-column\">\n<div id=\"wp-block-themeisle-blocks-font-awesome-icons-cceea285\" class=\"wp-block-themeisle-blocks-font-awesome-icons\"><span class=\"wp-block-themeisle-blocks-font-awesome-icons-container\"><svg xmlns=\"http:\/\/www.w3.org\/2000\/svg\" viewBox=\"0 0 1800 1800\"><path d=\"M872.831,1326.446c-1.999,0.113-3.853-0.183-5.733-0.53c-6.064-1.076-11.863-3.945-16.53-8.611 l-514.859-514.86c-5.852-5.855-9.138-13.792-9.138-22.068c0-8.275,3.287-16.212,9.142-22.067L455.5,638.535 c12.189-12.185,31.954-12.185,44.126,0l373.109,373.1l727.884-727.89c12.189-12.185,31.949-12.185,44.131,0l119.788,119.784 c5.855,5.851,9.142,13.792,9.142,22.067s-3.286,16.212-9.137,22.063l-869.649,869.645 C889.043,1323.155,881.106,1326.446,872.831,1326.446z M401.905,780.377l470.825,470.83l825.614-825.61l-75.657-75.653 l-727.885,727.889c-12.19,12.186-31.95,12.186-44.13,0L477.563,704.729L401.905,780.377z\"><\/path><path d=\"M1692.376,662.67c22.568,75.209,34.758,154.872,34.758,237.334c0,456.08-371.054,827.129-827.138,827.129 c-456.08,0-827.129-371.05-827.129-827.129c0-456.084,371.049-827.138,827.129-827.138c213.186,0,407.787,81.086,554.605,214.022 l44.161-44.165C1340.604,98.513,1130.391,10.456,899.996,10.456c-490.494,0-889.54,399.051-889.54,889.548 s399.046,889.54,889.54,889.54c490.498,0,889.548-399.042,889.548-889.54c0-100.372-16.734-196.909-47.517-286.985 L1692.376,662.67z\"><\/path><\/svg><\/span><\/div>\n\n\n\n<h5 id=\"wp-block-themeisle-blocks-advanced-heading-abda49d1\" class=\"wp-block-themeisle-blocks-advanced-heading wp-block-themeisle-blocks-advanced-heading-abda49d1\">C\u00d3DIGO DE POL\u00cdTICAS DE<br>GESTI\u00d3N DE TR\u00c1FICO<\/h5>\n\n\n\n<p class=\"has-text-align-center\">El presente c\u00f3digo es para informar a los usuarios de los servicios de acceso a internet, la pol\u00edticas de enrutamiento y de neutralidad de red del prestador de los servicios.<\/p>\n\n\n\n<div class=\"wp-block-buttons is-vertical is-content-justification-center is-layout-flex wp-container-core-buttons-is-layout-9f5e29b6 wp-block-buttons-is-layout-flex\">\n<div class=\"wp-block-button has-custom-width wp-block-button__width-75 is-style-primary\"><a class=\"wp-block-button__link wp-element-button\" href=\"https:\/\/sariacom.mx\/wp-content\/uploads\/2026\/02\/GESTIONDETRAFICO-2022-COEFICIENTE.pdf\">DOCUMENTO<\/a><\/div>\n<\/div>\n<\/div>\n\n\n\n<div id=\"wp-block-themeisle-blocks-advanced-column-07d8d3ba\" class=\"wp-block-themeisle-blocks-advanced-column\">\n<div id=\"wp-block-themeisle-blocks-font-awesome-icons-b9fca580\" class=\"wp-block-themeisle-blocks-font-awesome-icons\"><span class=\"wp-block-themeisle-blocks-font-awesome-icons-container\"><svg xmlns=\"http:\/\/www.w3.org\/2000\/svg\" viewBox=\"0 0 1800 1800\"><path d=\"M872.831,1326.446c-1.999,0.113-3.853-0.183-5.733-0.53c-6.064-1.076-11.863-3.945-16.53-8.611 l-514.859-514.86c-5.852-5.855-9.138-13.792-9.138-22.068c0-8.275,3.287-16.212,9.142-22.067L455.5,638.535 c12.189-12.185,31.954-12.185,44.126,0l373.109,373.1l727.884-727.89c12.189-12.185,31.949-12.185,44.131,0l119.788,119.784 c5.855,5.851,9.142,13.792,9.142,22.067s-3.286,16.212-9.137,22.063l-869.649,869.645 C889.043,1323.155,881.106,1326.446,872.831,1326.446z M401.905,780.377l470.825,470.83l825.614-825.61l-75.657-75.653 l-727.885,727.889c-12.19,12.186-31.95,12.186-44.13,0L477.563,704.729L401.905,780.377z\"><\/path><path d=\"M1692.376,662.67c22.568,75.209,34.758,154.872,34.758,237.334c0,456.08-371.054,827.129-827.138,827.129 c-456.08,0-827.129-371.05-827.129-827.129c0-456.084,371.049-827.138,827.129-827.138c213.186,0,407.787,81.086,554.605,214.022 l44.161-44.165C1340.604,98.513,1130.391,10.456,899.996,10.456c-490.494,0-889.54,399.051-889.54,889.548 s399.046,889.54,889.54,889.54c490.498,0,889.548-399.042,889.548-889.54c0-100.372-16.734-196.909-47.517-286.985 L1692.376,662.67z\"><\/path><\/svg><\/span><\/div>\n\n\n\n<h5 id=\"wp-block-themeisle-blocks-advanced-heading-91e68f54\" class=\"wp-block-themeisle-blocks-advanced-heading wp-block-themeisle-blocks-advanced-heading-91e68f54\">SLA \/ GARANT\u00cdA DE NIVEL<br>DE SERVICIO<br><\/h5>\n\n\n\n<p class=\"has-text-align-center\">Nos comprometemos a proporcionar una red confiable y de alta calidad para respaldar sus servicios de red de alta velocidad.<\/p>\n\n\n\n<div class=\"wp-block-buttons is-vertical is-content-justification-center is-layout-flex wp-container-core-buttons-is-layout-9f5e29b6 wp-block-buttons-is-layout-flex\">\n<div class=\"wp-block-button has-custom-width wp-block-button__width-75 is-style-primary\"><a class=\"wp-block-button__link wp-element-button\" href=\"https:\/\/sariacom.mx\/?page_id=158\">DOCUMENTOS<\/a><\/div>\n<\/div>\n<\/div>\n<\/div><\/div>\n\n\n\n<p><\/p>\n","protected":false},"excerpt":{"rendered":"<p>En SARIA Comunicaci\u00f3n, en adelante Coeficiente Comunicaciones S.A., entendemos que la confianza se construye con claridad y profesionalismo. Nuestra evoluci\u00f3n como marca es un paso resiliente hacia una estructura corporativa m\u00e1s robusta, dise\u00f1ada para eliminar obst\u00e1culos t\u00e9cnicos y potenciar la productividad de nuestros clientes. Para su tranquilidad y cumplimiento administrativo, [&hellip;]<\/p>\n","protected":false},"author":1,"featured_media":0,"parent":0,"menu_order":0,"comment_status":"closed","ping_status":"closed","template":"","meta":{"_themeisle_gutenberg_block_has_review":false,"footnotes":""},"class_list":["post-113","page","type-page","status-publish","hentry"],"yoast_head":"<!-- This site is optimized with the Yoast SEO plugin v26.9 - https:\/\/yoast.com\/product\/yoast-seo-wordpress\/ -->\n<title>Documentaci\u00f3n Legal - Internet empresarial<\/title>\n<meta name=\"robots\" content=\"index, follow, max-snippet:-1, max-image-preview:large, max-video-preview:-1\" \/>\n<link rel=\"canonical\" href=\"https:\/\/sariacom.mx\/?page_id=113\" \/>\n<meta property=\"og:locale\" content=\"es_ES\" \/>\n<meta property=\"og:type\" content=\"article\" \/>\n<meta property=\"og:title\" content=\"Documentaci\u00f3n Legal - Internet empresarial\" \/>\n<meta property=\"og:description\" content=\"En SARIA Comunicaci\u00f3n, en adelante Coeficiente Comunicaciones S.A., entendemos que la confianza se construye con claridad y profesionalismo. Nuestra evoluci\u00f3n como marca es un paso resiliente hacia una estructura corporativa m\u00e1s robusta, dise\u00f1ada para eliminar obst\u00e1culos t\u00e9cnicos y potenciar la productividad de nuestros clientes. Para su tranquilidad y cumplimiento administrativo, [&hellip;]\" \/>\n<meta property=\"og:url\" content=\"https:\/\/sariacom.mx\/?page_id=113\" \/>\n<meta property=\"og:site_name\" content=\"Internet empresarial\" \/>\n<meta property=\"article:modified_time\" content=\"2026-02-10T23:37:32+00:00\" \/>\n<meta name=\"twitter:card\" content=\"summary_large_image\" \/>\n<meta name=\"twitter:label1\" content=\"Tiempo de lectura\" \/>\n\t<meta name=\"twitter:data1\" content=\"2 minutos\" \/>\n<script type=\"application\/ld+json\" class=\"yoast-schema-graph\">{\"@context\":\"https:\/\/schema.org\",\"@graph\":[{\"@type\":\"WebPage\",\"@id\":\"https:\/\/sariacom.mx\/?page_id=113\",\"url\":\"https:\/\/sariacom.mx\/?page_id=113\",\"name\":\"Documentaci\u00f3n Legal - Internet empresarial\",\"isPartOf\":{\"@id\":\"https:\/\/sariacom.mx\/#website\"},\"datePublished\":\"2026-02-10T19:09:17+00:00\",\"dateModified\":\"2026-02-10T23:37:32+00:00\",\"breadcrumb\":{\"@id\":\"https:\/\/sariacom.mx\/?page_id=113#breadcrumb\"},\"inLanguage\":\"es\",\"potentialAction\":[{\"@type\":\"ReadAction\",\"target\":[\"https:\/\/sariacom.mx\/?page_id=113\"]}]},{\"@type\":\"BreadcrumbList\",\"@id\":\"https:\/\/sariacom.mx\/?page_id=113#breadcrumb\",\"itemListElement\":[{\"@type\":\"ListItem\",\"position\":1,\"name\":\"Portada\",\"item\":\"https:\/\/sariacom.mx\/\"},{\"@type\":\"ListItem\",\"position\":2,\"name\":\"Documentaci\u00f3n Legal\"}]},{\"@type\":\"WebSite\",\"@id\":\"https:\/\/sariacom.mx\/#website\",\"url\":\"https:\/\/sariacom.mx\/\",\"name\":\"Internet empresarial\",\"description\":\"En SARIA \/ Coeficiente conectamos negocios con resultados. Somos la red de infraestructura l\u00edder en Jalisco, Aguascalientes, Colima y Zacatecas\",\"publisher\":{\"@id\":\"https:\/\/sariacom.mx\/#organization\"},\"potentialAction\":[{\"@type\":\"SearchAction\",\"target\":{\"@type\":\"EntryPoint\",\"urlTemplate\":\"https:\/\/sariacom.mx\/?s={search_term_string}\"},\"query-input\":{\"@type\":\"PropertyValueSpecification\",\"valueRequired\":true,\"valueName\":\"search_term_string\"}}],\"inLanguage\":\"es\"},{\"@type\":\"Organization\",\"@id\":\"https:\/\/sariacom.mx\/#organization\",\"name\":\"Internet empresarial\",\"url\":\"https:\/\/sariacom.mx\/\",\"logo\":{\"@type\":\"ImageObject\",\"inLanguage\":\"es\",\"@id\":\"https:\/\/sariacom.mx\/#\/schema\/logo\/image\/\",\"url\":\"https:\/\/sariacom.mx\/wp-content\/uploads\/2026\/02\/cropped-cropped-Saria_telecomunicaciones_logo.png\",\"contentUrl\":\"https:\/\/sariacom.mx\/wp-content\/uploads\/2026\/02\/cropped-cropped-Saria_telecomunicaciones_logo.png\",\"width\":881,\"height\":407,\"caption\":\"Internet empresarial\"},\"image\":{\"@id\":\"https:\/\/sariacom.mx\/#\/schema\/logo\/image\/\"}}]}<\/script>\n<!-- \/ Yoast SEO plugin. -->","yoast_head_json":{"title":"Documentaci\u00f3n Legal - Internet empresarial","robots":{"index":"index","follow":"follow","max-snippet":"max-snippet:-1","max-image-preview":"max-image-preview:large","max-video-preview":"max-video-preview:-1"},"canonical":"https:\/\/sariacom.mx\/?page_id=113","og_locale":"es_ES","og_type":"article","og_title":"Documentaci\u00f3n Legal - Internet empresarial","og_description":"En SARIA Comunicaci\u00f3n, en adelante Coeficiente Comunicaciones S.A., entendemos que la confianza se construye con claridad y profesionalismo. Nuestra evoluci\u00f3n como marca es un paso resiliente hacia una estructura corporativa m\u00e1s robusta, dise\u00f1ada para eliminar obst\u00e1culos t\u00e9cnicos y potenciar la productividad de nuestros clientes. Para su tranquilidad y cumplimiento administrativo, [&hellip;]","og_url":"https:\/\/sariacom.mx\/?page_id=113","og_site_name":"Internet empresarial","article_modified_time":"2026-02-10T23:37:32+00:00","twitter_card":"summary_large_image","twitter_misc":{"Tiempo de lectura":"2 minutos"},"schema":{"@context":"https:\/\/schema.org","@graph":[{"@type":"WebPage","@id":"https:\/\/sariacom.mx\/?page_id=113","url":"https:\/\/sariacom.mx\/?page_id=113","name":"Documentaci\u00f3n Legal - Internet empresarial","isPartOf":{"@id":"https:\/\/sariacom.mx\/#website"},"datePublished":"2026-02-10T19:09:17+00:00","dateModified":"2026-02-10T23:37:32+00:00","breadcrumb":{"@id":"https:\/\/sariacom.mx\/?page_id=113#breadcrumb"},"inLanguage":"es","potentialAction":[{"@type":"ReadAction","target":["https:\/\/sariacom.mx\/?page_id=113"]}]},{"@type":"BreadcrumbList","@id":"https:\/\/sariacom.mx\/?page_id=113#breadcrumb","itemListElement":[{"@type":"ListItem","position":1,"name":"Portada","item":"https:\/\/sariacom.mx\/"},{"@type":"ListItem","position":2,"name":"Documentaci\u00f3n Legal"}]},{"@type":"WebSite","@id":"https:\/\/sariacom.mx\/#website","url":"https:\/\/sariacom.mx\/","name":"Internet empresarial","description":"En SARIA \/ Coeficiente conectamos negocios con resultados. Somos la red de infraestructura l\u00edder en Jalisco, Aguascalientes, Colima y Zacatecas","publisher":{"@id":"https:\/\/sariacom.mx\/#organization"},"potentialAction":[{"@type":"SearchAction","target":{"@type":"EntryPoint","urlTemplate":"https:\/\/sariacom.mx\/?s={search_term_string}"},"query-input":{"@type":"PropertyValueSpecification","valueRequired":true,"valueName":"search_term_string"}}],"inLanguage":"es"},{"@type":"Organization","@id":"https:\/\/sariacom.mx\/#organization","name":"Internet empresarial","url":"https:\/\/sariacom.mx\/","logo":{"@type":"ImageObject","inLanguage":"es","@id":"https:\/\/sariacom.mx\/#\/schema\/logo\/image\/","url":"https:\/\/sariacom.mx\/wp-content\/uploads\/2026\/02\/cropped-cropped-Saria_telecomunicaciones_logo.png","contentUrl":"https:\/\/sariacom.mx\/wp-content\/uploads\/2026\/02\/cropped-cropped-Saria_telecomunicaciones_logo.png","width":881,"height":407,"caption":"Internet empresarial"},"image":{"@id":"https:\/\/sariacom.mx\/#\/schema\/logo\/image\/"}}]}},"_links":{"self":[{"href":"https:\/\/sariacom.mx\/index.php?rest_route=\/wp\/v2\/pages\/113","targetHints":{"allow":["GET"]}}],"collection":[{"href":"https:\/\/sariacom.mx\/index.php?rest_route=\/wp\/v2\/pages"}],"about":[{"href":"https:\/\/sariacom.mx\/index.php?rest_route=\/wp\/v2\/types\/page"}],"author":[{"embeddable":true,"href":"https:\/\/sariacom.mx\/index.php?rest_route=\/wp\/v2\/users\/1"}],"replies":[{"embeddable":true,"href":"https:\/\/sariacom.mx\/index.php?rest_route=%2Fwp%2Fv2%2Fcomments&post=113"}],"version-history":[{"count":26,"href":"https:\/\/sariacom.mx\/index.php?rest_route=\/wp\/v2\/pages\/113\/revisions"}],"predecessor-version":[{"id":163,"href":"https:\/\/sariacom.mx\/index.php?rest_route=\/wp\/v2\/pages\/113\/revisions\/163"}],"wp:attachment":[{"href":"https:\/\/sariacom.mx\/index.php?rest_route=%2Fwp%2Fv2%2Fmedia&parent=113"}],"curies":[{"name":"wp","href":"https:\/\/api.w.org\/{rel}","templated":true}]}}